{"id":26,"date":"2025-08-12T17:36:34","date_gmt":"2025-08-12T17:36:34","guid":{"rendered":"https:\/\/www.ploemeur-badminton.fr\/?page_id=26"},"modified":"2025-08-13T08:05:20","modified_gmt":"2025-08-13T08:05:20","slug":"le-club","status":"publish","type":"page","link":"https:\/\/www.ploemeur-badminton.fr\/","title":{"rendered":"Le Club"},"content":{"rendered":"\n<div class=\"wp-block-media-text is-stacked-on-mobile\" style=\"grid-template-columns:25% auto\"><figure class=\"wp-block-media-text__media\"><img fetchpriority=\"high\" decoding=\"async\" width=\"768\" height=\"983\" src=\"https:\/\/www.ploemeur-badminton.fr\/wp-content\/uploads\/2025\/08\/logo-768x983-1.png\" alt=\"\" class=\"wp-image-18 size-full\" srcset=\"https:\/\/www.ploemeur-badminton.fr\/wp-content\/uploads\/2025\/08\/logo-768x983-1.png 768w, https:\/\/www.ploemeur-badminton.fr\/wp-content\/uploads\/2025\/08\/logo-768x983-1-234x300.png 234w\" sizes=\"(max-width: 768px) 100vw, 768px\" \/><\/figure><div class=\"wp-block-media-text__content\">\n<p class=\"has-contrast-color has-base-3-background-color has-text-color has-background has-link-color has-x-large-font-size wp-elements-87b1ccb7466f923ee45ba31282a88a41\">Bienvenue \u00e0 l&rsquo;ALP Badminton<\/p>\n<\/div><\/div>\n\n\n\n<p class=\"has-text-align-center\"><\/p>\n\n\n\n<h2 class=\"wp-block-heading\">En bref..<\/h2>\n\n\n\n<p>Situ\u00e9 \u00e0 Ploemeur,  le <strong>Club de Badminton Amicale La\u00efque Ploemeur Badminton <\/strong>rassemble chaque ann\u00e9e plus de <strong>150 passionn\u00e9s<\/strong> de tous \u00e2ges et de tous niveaux. Que vous soyez joueur d\u00e9butant, amateur ou comp\u00e9titeur confirm\u00e9, notre club vous ouvre ses portes dans une ambiance conviviale et dynamique.<\/p>\n\n\n\n<h3 class=\"wp-block-heading\">Une communaut\u00e9 sportive et conviviale<\/h3>\n\n\n\n<p>Au-del\u00e0 du sport, notre club est avant tout un <strong>lieu de partage, d\u2019\u00e9change et de bonne humeur<\/strong>. Encadr\u00e9s par un entra\u00eeneur et des b\u00e9n\u00e9voles investis, nos adh\u00e9rents profitent d\u2019un cadre id\u00e9al pour progresser \u00e0 leur rythme, se d\u00e9passer ou simplement s\u2019amuser.<\/p>\n\n\n\n<h3 class=\"wp-block-heading\">Pour tous les profils<\/h3>\n\n\n\n<p>Notre club propose plusieurs cr\u00e9neaux adapt\u00e9s \u00e0 chacun :<\/p>\n\n\n\n<ul class=\"wp-block-list\">\n<li><strong>Loisirs adultes<\/strong> : pour jouer sans pression, \u00e0 son rythme<\/li>\n\n\n\n<li><strong>Jeunes (d\u00e8s 5 ans)<\/strong> : encadr\u00e9s et form\u00e9s dans un esprit ludique et sportif<\/li>\n\n\n\n<li><strong>Comp\u00e9tition<\/strong> : entra\u00eenements sp\u00e9cifiques, participation aux championnats individuels et interclubs<\/li>\n<\/ul>\n\n\n\n<h3 class=\"wp-block-heading\">Des installations de qualit\u00e9<\/h3>\n\n\n\n<p>Les entra\u00eenements et rencontres ont lieu dans la salle de la Ch\u00e2taigneraie (10 terrains) et la salle de Saint Mathurin (7 terrains) avec des horaires r\u00e9partis tous les jours de la semaine. <\/p>\n\n\n\n<h3 class=\"wp-block-heading\">Des \u00e9v\u00e9nements tout au long de l&rsquo;ann\u00e9e<\/h3>\n\n\n\n<p>Tournois internes, soir\u00e9es \u00e0 th\u00e8me, stages pendant les vacances scolaires, participation \u00e0 des comp\u00e9titions r\u00e9gionales\u2026 La vie du club est rythm\u00e9e par de nombreux <strong>\u00e9v\u00e9nements f\u00e9d\u00e9rateurs<\/strong> qui renforcent l\u2019esprit d\u2019\u00e9quipe et la passion du jeu.<\/p>\n\n\n\n<h3 class=\"wp-block-heading\">Rejoignez-nous !<\/h3>\n\n\n\n<p>Vous souhaitez d\u00e9couvrir le badminton ou reprendre une activit\u00e9 sportive dans une ambiance agr\u00e9able ? N\u2019h\u00e9sitez pas \u00e0 venir faire un <strong>essai gratuit<\/strong> lors d\u2019un de nos cr\u00e9neaux. L\u2019\u00e9quipe du club sera ravie de vous accueillir et de r\u00e9pondre \u00e0 vos questions.<\/p>\n\n\n\n<p>\ud83d\udce7 Contact : alp56bad@gmail.com<br>\ud83d\udccd Adresse : 2a Rue des Pommiers &#8211; 56270 Ploemeur<br>\ud83d\udcc5 Horaires &amp; planning : <\/p>\n\n\n\n<p>Suivez aussi notre actualit\u00e9 sur [Facebook \/ Instagram ]<\/p>\n\n\n\n<p><\/p>\n","protected":false},"excerpt":{"rendered":"<p>Bienvenue \u00e0 l&rsquo;ALP Badminton En bref.. Situ\u00e9 \u00e0 Ploemeur, le Club de Badminton Amicale La\u00efque Ploemeur Badminton rassemble chaque ann\u00e9e plus de 150 passionn\u00e9s de tous \u00e2ges et de tous niveaux. Que vous soyez joueur d\u00e9butant, amateur ou comp\u00e9titeur confirm\u00e9, notre club vous ouvre ses portes dans une ambiance conviviale et dynamique. Une communaut\u00e9 sportive &#8230; <a title=\"Le Club\" class=\"read-more\" href=\"https:\/\/www.ploemeur-badminton.fr\/\" aria-label=\"En savoir plus sur Le Club\">Lire la suite<\/a><\/p>\n","protected":false},"author":3,"featured_media":0,"parent":0,"menu_order":0,"comment_status":"closed","ping_status":"closed","template":"","meta":{"footnotes":""},"class_list":["post-26","page","type-page","status-publish"],"_links":{"self":[{"href":"https:\/\/www.ploemeur-badminton.fr\/index.php\/wp-json\/wp\/v2\/pages\/26","targetHints":{"allow":["GET"]}}],"collection":[{"href":"https:\/\/www.ploemeur-badminton.fr\/index.php\/wp-json\/wp\/v2\/pages"}],"about":[{"href":"https:\/\/www.ploemeur-badminton.fr\/index.php\/wp-json\/wp\/v2\/types\/page"}],"author":[{"embeddable":true,"href":"https:\/\/www.ploemeur-badminton.fr\/index.php\/wp-json\/wp\/v2\/users\/3"}],"replies":[{"embeddable":true,"href":"https:\/\/www.ploemeur-badminton.fr\/index.php\/wp-json\/wp\/v2\/comments?post=26"}],"version-history":[{"count":10,"href":"https:\/\/www.ploemeur-badminton.fr\/index.php\/wp-json\/wp\/v2\/pages\/26\/revisions"}],"predecessor-version":[{"id":74,"href":"https:\/\/www.ploemeur-badminton.fr\/index.php\/wp-json\/wp\/v2\/pages\/26\/revisions\/74"}],"wp:attachment":[{"href":"https:\/\/www.ploemeur-badminton.fr\/index.php\/wp-json\/wp\/v2\/media?parent=26"}],"curies":[{"name":"wp","href":"https:\/\/api.w.org\/{rel}","templated":true}]}}