{"id":30,"date":"2025-08-12T17:36:34","date_gmt":"2025-08-12T17:36:34","guid":{"rendered":"https:\/\/www.ploemeur-badminton.fr\/?page_id=30"},"modified":"2025-10-08T22:29:37","modified_gmt":"2025-10-08T22:29:37","slug":"contact","status":"publish","type":"page","link":"https:\/\/www.ploemeur-badminton.fr\/index.php\/contact\/","title":{"rendered":"Contact"},"content":{"rendered":"\n<h2 class=\"wp-block-heading\">\ud83d\udcec <strong>Contactez-nous<\/strong><\/h2>\n\n\n\n<p>Vous avez une question sur les inscriptions, les horaires, les tarifs ou le fonctionnement du club ?<br>N&rsquo;h\u00e9sitez pas \u00e0 nous contacter, nous vous r\u00e9pondrons dans les plus brefs d\u00e9lais.<\/p>\n\n\n\n<hr class=\"wp-block-separator has-alpha-channel-opacity\"\/>\n\n\n\n<h3 class=\"wp-block-heading\">\ud83d\udce7 <strong>Par email<\/strong><\/h3>\n\n\n\n<p>Pour toute demande g\u00e9n\u00e9rale :<br><strong>\u2709\ufe0f alp56bad@gmail.com<\/strong><\/p>\n\n\n\n<hr class=\"wp-block-separator has-alpha-channel-opacity\"\/>\n\n\n\n<h3 class=\"wp-block-heading\">\ud83d\udcde <strong>Par t\u00e9l\u00e9phone<\/strong><\/h3>\n\n\n\n<p><strong>Tatiana Sigris <\/strong>\ud83d\udcf1 <strong>06 87 15 92 44<\/strong><br><\/p>\n\n\n\n<hr class=\"wp-block-separator has-alpha-channel-opacity\"\/>\n\n\n\n<h3 class=\"wp-block-heading\">\ud83d\udccd <strong>Adresse du gymnase \/ lieu de pratique<\/strong><\/h3>\n\n\n\n<p><strong>Salle de la Ch\u00e2taigneraie<\/strong> &#8211; 33 Rue Pascal, 56270 Ploemeur<\/p>\n\n\n\n<p><strong>Salle de Saint-Mathurin <\/strong>&#8211; 101 Rue Sainte-Anne, 56270 Ploemeur<br><\/p>\n\n\n\n<p>\ud83d\uddd3\ufe0f <strong>Horaires d\u2019ouverture<\/strong> : selon les cr\u00e9neaux d&rsquo;entra\u00eenement (voir la page <em>Cr\u00e9neaux<\/em>)<\/p>\n\n\n\n<p>\ud83d\udccc <em>Merci de ne pas envoyer de courrier postal \u00e0 ces adresses<\/em><\/p>\n\n\n\n<hr class=\"wp-block-separator has-alpha-channel-opacity\"\/>\n\n\n\n<h3 class=\"wp-block-heading\"><\/h3>\n","protected":false},"excerpt":{"rendered":"<p>\ud83d\udcec Contactez-nous Vous avez une question sur les inscriptions, les horaires, les tarifs ou le fonctionnement du club ?N&rsquo;h\u00e9sitez pas \u00e0 nous contacter, nous vous r\u00e9pondrons dans les plus brefs d\u00e9lais. \ud83d\udce7 Par email Pour toute demande g\u00e9n\u00e9rale :\u2709\ufe0f alp56bad@gmail.com \ud83d\udcde Par t\u00e9l\u00e9phone Tatiana Sigris \ud83d\udcf1 06 87 15 92 44 \ud83d\udccd Adresse du gymnase &#8230; <a title=\"Contact\" class=\"read-more\" href=\"https:\/\/www.ploemeur-badminton.fr\/index.php\/contact\/\" aria-label=\"En savoir plus sur Contact\">Lire la suite<\/a><\/p>\n","protected":false},"author":3,"featured_media":0,"parent":0,"menu_order":0,"comment_status":"closed","ping_status":"closed","template":"","meta":{"footnotes":""},"class_list":["post-30","page","type-page","status-publish"],"_links":{"self":[{"href":"https:\/\/www.ploemeur-badminton.fr\/index.php\/wp-json\/wp\/v2\/pages\/30","targetHints":{"allow":["GET"]}}],"collection":[{"href":"https:\/\/www.ploemeur-badminton.fr\/index.php\/wp-json\/wp\/v2\/pages"}],"about":[{"href":"https:\/\/www.ploemeur-badminton.fr\/index.php\/wp-json\/wp\/v2\/types\/page"}],"author":[{"embeddable":true,"href":"https:\/\/www.ploemeur-badminton.fr\/index.php\/wp-json\/wp\/v2\/users\/3"}],"replies":[{"embeddable":true,"href":"https:\/\/www.ploemeur-badminton.fr\/index.php\/wp-json\/wp\/v2\/comments?post=30"}],"version-history":[{"count":3,"href":"https:\/\/www.ploemeur-badminton.fr\/index.php\/wp-json\/wp\/v2\/pages\/30\/revisions"}],"predecessor-version":[{"id":132,"href":"https:\/\/www.ploemeur-badminton.fr\/index.php\/wp-json\/wp\/v2\/pages\/30\/revisions\/132"}],"wp:attachment":[{"href":"https:\/\/www.ploemeur-badminton.fr\/index.php\/wp-json\/wp\/v2\/media?parent=30"}],"curies":[{"name":"wp","href":"https:\/\/api.w.org\/{rel}","templated":true}]}}